{"id":52,"date":"2023-09-29T14:30:00","date_gmt":"2023-09-29T11:30:00","guid":{"rendered":"https:\/\/gidetec.fi\/?page_id=52"},"modified":"2023-09-29T14:54:46","modified_gmt":"2023-09-29T11:54:46","slug":"kotisivu","status":"publish","type":"page","link":"https:\/\/gidetec.fi\/","title":{"rendered":"Kotisivu"},"content":{"rendered":"<div id=\"pl-52\"  class=\"panel-layout\" ><div id=\"pg-52-0\"  class=\"panel-grid panel-no-style\" ><div id=\"pgc-52-0-0\"  class=\"panel-grid-cell\" ><div id=\"panel-52-0-0-0\" class=\"so-panel widget widget_sow-editor panel-first-child panel-last-child\" data-index=\"0\" ><div\n\t\t\t\n\t\t\tclass=\"so-widget-sow-editor so-widget-sow-editor-base\"\n\t\t\t\n\t\t>\n<div class=\"siteorigin-widget-tinymce textwidget\">\n\t<h2>Gidetec Oy on vuonna 2015 perustettu Pirkkalassa toimiva yritys, joka valmistaa asiakkailleen kotimaisia ruiskuvalutuotteita.<\/h2>\n<hr \/>\n<h2>Gidetec on monipuolinen ja ammattitaitoinen ruiskuvaluosaaja, joka tarjoaa asiakkailleen kokonaisvaltaista palvelua muovituotteiden suunnittelusta kilpailukykyisiksi lopputuotteiksi.<\/h2>\n<hr \/>\n<h2>Palvelemme laaja-alaista asiakaskuntaamme joustavasti, tehokkaasti, innovatiivisesti, luotettavasti ja yksil\u00f6llisesti yli kahdenkymmenen vuoden suunnittelu-, ruiskuvalu- ja materiaalikokemuksella. Meilt\u00e4 saat tarvitsemasi muovituoteratkaisut, joten ota yhteytt\u00e4!<\/h2>\n<\/div>\n<\/div><\/div><\/div><\/div><div id=\"pg-52-1\"  class=\"panel-grid panel-no-style\" ><div id=\"pgc-52-1-0\"  class=\"panel-grid-cell\" ><div id=\"panel-52-1-0-0\" class=\"so-panel widget widget_siteorigin-panels-embedded-video panel-first-child panel-last-child\" data-index=\"1\" >\t\t<div class=\"siteorigin-fitvids\"><iframe loading=\"lazy\" title=\"Gidetec - Competitive Plastic Solutions\" width=\"720\" height=\"405\" src=\"https:\/\/www.youtube.com\/embed\/jz2xa5mIVL8?feature=oembed\" frameborder=\"0\" allow=\"accelerometer; autoplay; clipboard-write; encrypted-media; gyroscope; picture-in-picture; web-share\" allowfullscreen><\/iframe><\/div>\n\t\t<\/div><\/div><\/div><div id=\"pg-52-2\"  class=\"panel-grid panel-no-style\" ><div id=\"pgc-52-2-0\"  class=\"panel-grid-cell panel-grid-cell-empty\" ><\/div><div id=\"pgc-52-2-1\"  class=\"panel-grid-cell\" ><div id=\"panel-52-2-1-0\" class=\"so-panel widget widget_sow-editor panel-first-child panel-last-child\" data-index=\"2\" ><div\n\t\t\t\n\t\t\tclass=\"so-widget-sow-editor so-widget-sow-editor-base\"\n\t\t\t\n\t\t>\n<div class=\"siteorigin-widget-tinymce textwidget\">\n\t<p>\u00a0<\/p>\n<p><a href=\"https:\/\/gidetec.fi\/wp-content\/uploads\/2019\/09\/AAA-logo-2019-FI-transparent.png\" rel=\"attachment wp-att-203\"><img loading=\"lazy\" decoding=\"async\" class=\"alignnone size-full wp-image-203\" src=\"https:\/\/gidetec.fi\/wp-content\/uploads\/2019\/09\/AAA-logo-2019-FI-transparent.png\" alt=\"AAA-logo-2019-FI-transparent\" width=\"250\" height=\"163\" \/><\/a><\/p>\n<\/div>\n<\/div><\/div><\/div><div id=\"pgc-52-2-2\"  class=\"panel-grid-cell\" ><div id=\"panel-52-2-2-0\" class=\"so-panel widget widget_sow-editor panel-first-child panel-last-child\" data-index=\"3\" ><div\n\t\t\t\n\t\t\tclass=\"so-widget-sow-editor so-widget-sow-editor-base\"\n\t\t\t\n\t\t>\n<div class=\"siteorigin-widget-tinymce textwidget\">\n\t<p><a href=\"https:\/\/gidetec.fi\/wp-content\/uploads\/2019\/09\/sv-2019-peruslogo_FI_web.jpg\" rel=\"attachment wp-att-202\"><img loading=\"lazy\" decoding=\"async\" class=\"alignnone size-full wp-image-202\" src=\"https:\/\/gidetec.fi\/wp-content\/uploads\/2019\/09\/sv-2019-peruslogo_FI_web.jpg\" alt=\"sv-2019-peruslogo_FI_web\" width=\"209\" height=\"260\" \/><\/a><\/p>\n<\/div>\n<\/div><\/div><\/div><\/div><\/div>","protected":false},"excerpt":{"rendered":"<p>Gidetec Oy on vuonna 2015 perustettu Pirkkalassa toimiva yritys, joka valmistaa asiakkailleen kotimaisia ruiskuvalutuotteita.Gidetec on monipuolinen ja ammattitaitoinen ruiskuvaluosaaja, joka tarjoaa asiakkailleen kokonaisvaltaista palvelua muovituotteiden suunnittelusta kilpailukykyisiksi lopputuotteiksi.Palvelemme laaja-alaista asiakaskuntaamme joustavasti, tehokkaasti, innovatiivisesti, luotettavasti ja yksil\u00f6llisesti yli kahdenkymmenen vuoden suunnittelu-, ruiskuvalu- ja materiaalikokemuksella. Meilt\u00e4 saat tarvitsemasi muovituoteratkaisut, joten ota yhteytt\u00e4!<\/p>\n","protected":false},"author":1,"featured_media":0,"parent":0,"menu_order":0,"comment_status":"closed","ping_status":"closed","template":"home-panels.php","meta":{"footnotes":""},"class_list":["post-52","page","type-page","status-publish","hentry","post"],"yoast_head":"<!-- This site is optimized with the Yoast SEO plugin v27.5 - https:\/\/yoast.com\/product\/yoast-seo-wordpress\/ -->\n<title>Kotisivu - Gidetec<\/title>\n<meta name=\"robots\" content=\"index, follow, max-snippet:-1, max-image-preview:large, max-video-preview:-1\" \/>\n<link rel=\"canonical\" href=\"https:\/\/gidetec.fi\/\" \/>\n<meta property=\"og:locale\" content=\"fi_FI\" \/>\n<meta property=\"og:type\" content=\"article\" \/>\n<meta property=\"og:title\" content=\"Kotisivu - Gidetec\" \/>\n<meta property=\"og:description\" content=\"Gidetec Oy on vuonna 2015 perustettu Pirkkalassa toimiva yritys, joka valmistaa asiakkailleen kotimaisia ruiskuvalutuotteita.Gidetec on monipuolinen ja ammattitaitoinen ruiskuvaluosaaja, joka tarjoaa asiakkailleen kokonaisvaltaista palvelua muovituotteiden suunnittelusta kilpailukykyisiksi lopputuotteiksi.Palvelemme laaja-alaista asiakaskuntaamme joustavasti, tehokkaasti, innovatiivisesti, luotettavasti ja yksil\u00f6llisesti yli kahdenkymmenen vuoden suunnittelu-, ruiskuvalu- ja materiaalikokemuksella. Meilt\u00e4 saat tarvitsemasi muovituoteratkaisut, joten ota yhteytt\u00e4!\" \/>\n<meta property=\"og:url\" content=\"https:\/\/gidetec.fi\/\" \/>\n<meta property=\"og:site_name\" content=\"Gidetec\" \/>\n<meta property=\"article:modified_time\" content=\"2023-09-29T11:54:46+00:00\" \/>\n<script type=\"application\/ld+json\" class=\"yoast-schema-graph\">{\"@context\":\"https:\\\/\\\/schema.org\",\"@graph\":[{\"@type\":\"WebPage\",\"@id\":\"https:\\\/\\\/gidetec.fi\\\/\",\"url\":\"https:\\\/\\\/gidetec.fi\\\/\",\"name\":\"Kotisivu - Gidetec\",\"isPartOf\":{\"@id\":\"https:\\\/\\\/gidetec.fi\\\/#website\"},\"datePublished\":\"2023-09-29T11:30:00+00:00\",\"dateModified\":\"2023-09-29T11:54:46+00:00\",\"breadcrumb\":{\"@id\":\"https:\\\/\\\/gidetec.fi\\\/#breadcrumb\"},\"inLanguage\":\"fi\",\"potentialAction\":[{\"@type\":\"ReadAction\",\"target\":[\"https:\\\/\\\/gidetec.fi\\\/\"]}]},{\"@type\":\"BreadcrumbList\",\"@id\":\"https:\\\/\\\/gidetec.fi\\\/#breadcrumb\",\"itemListElement\":[{\"@type\":\"ListItem\",\"position\":1,\"name\":\"Home\",\"item\":\"https:\\\/\\\/gidetec.fi\\\/\"},{\"@type\":\"ListItem\",\"position\":2,\"name\":\"Gidetec \u00bb Kotisivu\"}]},{\"@type\":\"WebSite\",\"@id\":\"https:\\\/\\\/gidetec.fi\\\/#website\",\"url\":\"https:\\\/\\\/gidetec.fi\\\/\",\"name\":\"Gidetec\",\"description\":\"Ruiskuvalettuja muovituotteita\",\"publisher\":{\"@id\":\"https:\\\/\\\/gidetec.fi\\\/#organization\"},\"potentialAction\":[{\"@type\":\"SearchAction\",\"target\":{\"@type\":\"EntryPoint\",\"urlTemplate\":\"https:\\\/\\\/gidetec.fi\\\/?s={search_term_string}\"},\"query-input\":{\"@type\":\"PropertyValueSpecification\",\"valueRequired\":true,\"valueName\":\"search_term_string\"}}],\"inLanguage\":\"fi\"},{\"@type\":\"Organization\",\"@id\":\"https:\\\/\\\/gidetec.fi\\\/#organization\",\"name\":\"Gidetec Oy\",\"url\":\"https:\\\/\\\/gidetec.fi\\\/\",\"logo\":{\"@type\":\"ImageObject\",\"inLanguage\":\"fi\",\"@id\":\"https:\\\/\\\/gidetec.fi\\\/#\\\/schema\\\/logo\\\/image\\\/\",\"url\":\"https:\\\/\\\/gidetec.fi\\\/wp-content\\\/uploads\\\/2016\\\/01\\\/cropped-Logo_G_cb_2000x2000.png\",\"contentUrl\":\"https:\\\/\\\/gidetec.fi\\\/wp-content\\\/uploads\\\/2016\\\/01\\\/cropped-Logo_G_cb_2000x2000.png\",\"width\":512,\"height\":512,\"caption\":\"Gidetec Oy\"},\"image\":{\"@id\":\"https:\\\/\\\/gidetec.fi\\\/#\\\/schema\\\/logo\\\/image\\\/\"}}]}<\/script>\n<!-- \/ Yoast SEO plugin. -->","yoast_head_json":{"title":"Kotisivu - Gidetec","robots":{"index":"index","follow":"follow","max-snippet":"max-snippet:-1","max-image-preview":"max-image-preview:large","max-video-preview":"max-video-preview:-1"},"canonical":"https:\/\/gidetec.fi\/","og_locale":"fi_FI","og_type":"article","og_title":"Kotisivu - Gidetec","og_description":"Gidetec Oy on vuonna 2015 perustettu Pirkkalassa toimiva yritys, joka valmistaa asiakkailleen kotimaisia ruiskuvalutuotteita.Gidetec on monipuolinen ja ammattitaitoinen ruiskuvaluosaaja, joka tarjoaa asiakkailleen kokonaisvaltaista palvelua muovituotteiden suunnittelusta kilpailukykyisiksi lopputuotteiksi.Palvelemme laaja-alaista asiakaskuntaamme joustavasti, tehokkaasti, innovatiivisesti, luotettavasti ja yksil\u00f6llisesti yli kahdenkymmenen vuoden suunnittelu-, ruiskuvalu- ja materiaalikokemuksella. Meilt\u00e4 saat tarvitsemasi muovituoteratkaisut, joten ota yhteytt\u00e4!","og_url":"https:\/\/gidetec.fi\/","og_site_name":"Gidetec","article_modified_time":"2023-09-29T11:54:46+00:00","schema":{"@context":"https:\/\/schema.org","@graph":[{"@type":"WebPage","@id":"https:\/\/gidetec.fi\/","url":"https:\/\/gidetec.fi\/","name":"Kotisivu - Gidetec","isPartOf":{"@id":"https:\/\/gidetec.fi\/#website"},"datePublished":"2023-09-29T11:30:00+00:00","dateModified":"2023-09-29T11:54:46+00:00","breadcrumb":{"@id":"https:\/\/gidetec.fi\/#breadcrumb"},"inLanguage":"fi","potentialAction":[{"@type":"ReadAction","target":["https:\/\/gidetec.fi\/"]}]},{"@type":"BreadcrumbList","@id":"https:\/\/gidetec.fi\/#breadcrumb","itemListElement":[{"@type":"ListItem","position":1,"name":"Home","item":"https:\/\/gidetec.fi\/"},{"@type":"ListItem","position":2,"name":"Gidetec \u00bb Kotisivu"}]},{"@type":"WebSite","@id":"https:\/\/gidetec.fi\/#website","url":"https:\/\/gidetec.fi\/","name":"Gidetec","description":"Ruiskuvalettuja muovituotteita","publisher":{"@id":"https:\/\/gidetec.fi\/#organization"},"potentialAction":[{"@type":"SearchAction","target":{"@type":"EntryPoint","urlTemplate":"https:\/\/gidetec.fi\/?s={search_term_string}"},"query-input":{"@type":"PropertyValueSpecification","valueRequired":true,"valueName":"search_term_string"}}],"inLanguage":"fi"},{"@type":"Organization","@id":"https:\/\/gidetec.fi\/#organization","name":"Gidetec Oy","url":"https:\/\/gidetec.fi\/","logo":{"@type":"ImageObject","inLanguage":"fi","@id":"https:\/\/gidetec.fi\/#\/schema\/logo\/image\/","url":"https:\/\/gidetec.fi\/wp-content\/uploads\/2016\/01\/cropped-Logo_G_cb_2000x2000.png","contentUrl":"https:\/\/gidetec.fi\/wp-content\/uploads\/2016\/01\/cropped-Logo_G_cb_2000x2000.png","width":512,"height":512,"caption":"Gidetec Oy"},"image":{"@id":"https:\/\/gidetec.fi\/#\/schema\/logo\/image\/"}}]}},"_links":{"self":[{"href":"https:\/\/gidetec.fi\/index.php?rest_route=\/wp\/v2\/pages\/52","targetHints":{"allow":["GET"]}}],"collection":[{"href":"https:\/\/gidetec.fi\/index.php?rest_route=\/wp\/v2\/pages"}],"about":[{"href":"https:\/\/gidetec.fi\/index.php?rest_route=\/wp\/v2\/types\/page"}],"author":[{"embeddable":true,"href":"https:\/\/gidetec.fi\/index.php?rest_route=\/wp\/v2\/users\/1"}],"replies":[{"embeddable":true,"href":"https:\/\/gidetec.fi\/index.php?rest_route=%2Fwp%2Fv2%2Fcomments&post=52"}],"version-history":[{"count":32,"href":"https:\/\/gidetec.fi\/index.php?rest_route=\/wp\/v2\/pages\/52\/revisions"}],"predecessor-version":[{"id":218,"href":"https:\/\/gidetec.fi\/index.php?rest_route=\/wp\/v2\/pages\/52\/revisions\/218"}],"wp:attachment":[{"href":"https:\/\/gidetec.fi\/index.php?rest_route=%2Fwp%2Fv2%2Fmedia&parent=52"}],"curies":[{"name":"wp","href":"https:\/\/api.w.org\/{rel}","templated":true}]}}